{"id":516,"date":"2021-10-01T15:17:23","date_gmt":"2021-10-01T18:17:23","guid":{"rendered":"http:\/\/www.janustech.com.br\/markets-solutions\/m6-janus-express\/"},"modified":"2022-02-01T20:56:02","modified_gmt":"2022-02-01T23:56:02","slug":"janus-express","status":"publish","type":"page","link":"https:\/\/www.janustech.com.br\/pt-br\/markets-solutions\/janus-express\/","title":{"rendered":"Janus Express"},"content":{"rendered":"\t\t<div data-elementor-type=\"wp-page\" data-elementor-id=\"516\" class=\"elementor elementor-516\">\n\t\t\t\t\t\t\t\t\t<section class=\"elementor-section elementor-top-section elementor-element elementor-element-6e4eb52 elementor-section-boxed elementor-section-height-default elementor-section-height-default\" data-id=\"6e4eb52\" data-element_type=\"section\" data-settings=\"{&quot;background_background&quot;:&quot;classic&quot;}\">\n\t\t\t\t\t\t<div class=\"elementor-container elementor-column-gap-default\">\n\t\t\t\t\t<div class=\"elementor-column elementor-col-100 elementor-top-column elementor-element elementor-element-17f798d\" data-id=\"17f798d\" data-element_type=\"column\">\n\t\t\t<div class=\"elementor-widget-wrap elementor-element-populated\">\n\t\t\t\t\t\t\t\t<div class=\"elementor-element elementor-element-bfee998 elementor-widget elementor-widget-heading\" data-id=\"bfee998\" data-element_type=\"widget\" data-widget_type=\"heading.default\">\n\t\t\t\t<div class=\"elementor-widget-container\">\n\t\t\t<h1 class=\"elementor-heading-title elementor-size-default\">Janus Express IoT Series<\/h1>\t\t<\/div>\n\t\t\t\t<\/div>\n\t\t\t\t\t<\/div>\n\t\t<\/div>\n\t\t\t\t\t\t\t<\/div>\n\t\t<\/section>\n\t\t\t\t<section class=\"elementor-section elementor-top-section elementor-element elementor-element-03220c9 elementor-section-boxed elementor-section-height-default elementor-section-height-default\" data-id=\"03220c9\" data-element_type=\"section\">\n\t\t\t\t\t\t<div class=\"elementor-container elementor-column-gap-default\">\n\t\t\t\t\t<div class=\"elementor-column elementor-col-100 elementor-top-column elementor-element elementor-element-1bde9ec\" data-id=\"1bde9ec\" data-element_type=\"column\">\n\t\t\t<div class=\"elementor-widget-wrap elementor-element-populated\">\n\t\t\t\t\t\t\t\t<div class=\"elementor-element elementor-element-56fd6eb elementor-widget elementor-widget-heading\" data-id=\"56fd6eb\" data-element_type=\"widget\" data-widget_type=\"heading.default\">\n\t\t\t\t<div class=\"elementor-widget-container\">\n\t\t\t<h2 class=\"elementor-heading-title elementor-size-default\">Simples Solu\u00e7\u00f5es<\/h2>\t\t<\/div>\n\t\t\t\t<\/div>\n\t\t\t\t<div class=\"elementor-element elementor-element-50e601c elementor-widget elementor-widget-heading\" data-id=\"50e601c\" data-element_type=\"widget\" data-widget_type=\"heading.default\">\n\t\t\t\t<div class=\"elementor-widget-container\">\n\t\t\t<h2 class=\"elementor-heading-title elementor-size-default\">Monitoramento poderoso.<\/h2>\t\t<\/div>\n\t\t\t\t<\/div>\n\t\t\t\t<div class=\"elementor-element elementor-element-7ae879c elementor-widget elementor-widget-text-editor\" data-id=\"7ae879c\" data-element_type=\"widget\" data-widget_type=\"text-editor.default\">\n\t\t\t\t<div class=\"elementor-widget-container\">\n\t\t\t\t\t\t\t<p>Janus IoT, ajudamos os clientes a desbloquear valor digitalizando o mundo f\u00edsico e obtendo uma vantagem competitiva.<\/p><p>Os recursos integrados de aprendizado de m\u00e1quina da tecnologia Janus Predictive Monitoring\u2122 IoT oferecem habilidades de detec\u00e7\u00e3o precoce e compet\u00eancias preditivas, al\u00e9m da capacidade de prever falhas antecipadamente. A detec\u00e7\u00e3o precoce \u00e9 o segredo para eliminar a causa raiz antes que ela se torne uma falha dispendiosa\/catastr\u00f3fica.<\/p>\t\t\t\t\t\t<\/div>\n\t\t\t\t<\/div>\n\t\t\t\t\t<\/div>\n\t\t<\/div>\n\t\t\t\t\t\t\t<\/div>\n\t\t<\/section>\n\t\t\t\t<section class=\"elementor-section elementor-top-section elementor-element elementor-element-d6b9918 elementor-section-boxed elementor-section-height-default elementor-section-height-default\" data-id=\"d6b9918\" data-element_type=\"section\" data-settings=\"{&quot;background_background&quot;:&quot;classic&quot;}\">\n\t\t\t\t\t\t<div class=\"elementor-container elementor-column-gap-default\">\n\t\t\t\t\t<div class=\"elementor-column elementor-col-100 elementor-top-column elementor-element elementor-element-e40ae7e\" data-id=\"e40ae7e\" data-element_type=\"column\">\n\t\t\t<div class=\"elementor-widget-wrap elementor-element-populated\">\n\t\t\t\t\t\t\t\t<div class=\"elementor-element elementor-element-d1c505b elementor-widget elementor-widget-heading\" data-id=\"d1c505b\" data-element_type=\"widget\" data-widget_type=\"heading.default\">\n\t\t\t\t<div class=\"elementor-widget-container\">\n\t\t\t<h2 class=\"elementor-heading-title elementor-size-default\">A vantagem competitiva do <br>Janus Predictive Monitoring\u2122<\/h2>\t\t<\/div>\n\t\t\t\t<\/div>\n\t\t\t\t<div class=\"elementor-element elementor-element-accb686 elementor-widget elementor-widget-text-editor\" data-id=\"accb686\" data-element_type=\"widget\" data-widget_type=\"text-editor.default\">\n\t\t\t\t<div class=\"elementor-widget-container\">\n\t\t\t\t\t\t\t<p>Os recursos integrados de aprendizado de m\u00e1quina da tecnologia Janus Predictive Monitoring\u2122 IoT oferecem habilidades de detec\u00e7\u00e3o precoce e compet\u00eancias preditivas, al\u00e9m da capacidade de prever falhas antecipadamente. A detec\u00e7\u00e3o precoce \u00e9 o segredo para eliminar a causa raiz antes que ela se torne uma falha dispendiosa\/catastr\u00f3fica.<\/p>\t\t\t\t\t\t<\/div>\n\t\t\t\t<\/div>\n\t\t\t\t\t<\/div>\n\t\t<\/div>\n\t\t\t\t\t\t\t<\/div>\n\t\t<\/section>\n\t\t\t\t<section class=\"elementor-section elementor-top-section elementor-element elementor-element-6f5b5b7 elementor-section-boxed elementor-section-height-default elementor-section-height-default\" data-id=\"6f5b5b7\" data-element_type=\"section\" data-settings=\"{&quot;background_background&quot;:&quot;classic&quot;}\">\n\t\t\t\t\t\t<div class=\"elementor-container elementor-column-gap-default\">\n\t\t\t\t\t<div class=\"elementor-column elementor-col-100 elementor-top-column elementor-element elementor-element-96d8457\" data-id=\"96d8457\" data-element_type=\"column\">\n\t\t\t<div class=\"elementor-widget-wrap elementor-element-populated\">\n\t\t\t\t\t\t\t\t<div class=\"elementor-element elementor-element-aef217c elementor-widget elementor-widget-heading\" data-id=\"aef217c\" data-element_type=\"widget\" data-widget_type=\"heading.default\">\n\t\t\t\t<div class=\"elementor-widget-container\">\n\t\t\t<h2 class=\"elementor-heading-title elementor-size-default\">Janus Express\u2122 IoT<\/h2>\t\t<\/div>\n\t\t\t\t<\/div>\n\t\t\t\t<div class=\"elementor-element elementor-element-13d16bf elementor-widget elementor-widget-text-editor\" data-id=\"13d16bf\" data-element_type=\"widget\" data-widget_type=\"text-editor.default\">\n\t\t\t\t<div class=\"elementor-widget-container\">\n\t\t\t\t\t\t\t<p>Cria novas oportunidades, hoje podemos monitorar equipamentos, sites e processos que antes eram inacess\u00edveis por quest\u00f5es de custo e acessibilidade.<\/p><p>Ambientes din\u00e2micos n\u00e3o podem, por natureza, ser gerenciados ou controlados com sucesso de maneira reativa.<\/p><p>As compet\u00eancias integradas de aprendizado de m\u00e1quina fornecem habilidades de detec\u00e7\u00e3o precoce e recursos preditivos, e a capacidade de prever falhas com anteced\u00eancia introduz um novo paradigma para a manuten\u00e7\u00e3o preventiva.<\/p>\t\t\t\t\t\t<\/div>\n\t\t\t\t<\/div>\n\t\t\t\t\t<\/div>\n\t\t<\/div>\n\t\t\t\t\t\t\t<\/div>\n\t\t<\/section>\n\t\t\t\t<section class=\"elementor-section elementor-top-section elementor-element elementor-element-78f6d5c elementor-section-full_width elementor-section-height-default elementor-section-height-default\" data-id=\"78f6d5c\" data-element_type=\"section\" data-settings=\"{&quot;background_background&quot;:&quot;classic&quot;}\">\n\t\t\t\t\t\t<div class=\"elementor-container elementor-column-gap-default\">\n\t\t\t\t\t<div class=\"elementor-column elementor-col-50 elementor-top-column elementor-element elementor-element-ecf2eb7\" data-id=\"ecf2eb7\" data-element_type=\"column\" data-settings=\"{&quot;background_background&quot;:&quot;classic&quot;}\">\n\t\t\t<div class=\"elementor-widget-wrap elementor-element-populated\">\n\t\t\t\t\t\t\t\t<div class=\"elementor-element elementor-element-d641b44 elementor-widget elementor-widget-heading\" data-id=\"d641b44\" data-element_type=\"widget\" data-widget_type=\"heading.default\">\n\t\t\t\t<div class=\"elementor-widget-container\">\n\t\t\t<h2 class=\"elementor-heading-title elementor-size-default\">Janus Express\u2122 <br>Module<\/h2>\t\t<\/div>\n\t\t\t\t<\/div>\n\t\t\t\t<div class=\"elementor-element elementor-element-5b5da0e elementor-widget elementor-widget-text-editor\" data-id=\"5b5da0e\" data-element_type=\"widget\" data-widget_type=\"text-editor.default\">\n\t\t\t\t<div class=\"elementor-widget-container\">\n\t\t\t\t\t\t\t<p>1 fio at\u00e9 16 sensores podem ser monitorados<\/p><p>4 x entradas digitais: entrada ou sa\u00edda<\/p><p>Entradas I2C usando m\u00f3dulo de expans\u00e3o<\/p><p>Wi-Fi e Bluetooth sem fio<\/p><p>Indicadores LED Status de energia ligado\/desligado verde\/vermelho<\/p><p>Status do link sem fio azul<\/p><p>Indicadores de aplica\u00e7\u00e3o espec\u00edficos quando necess\u00e1rio Interface I2C: Usada como porta de expans\u00e3o.<\/p><p>52 mm x 96 mm x 22 mm<\/p>\t\t\t\t\t\t<\/div>\n\t\t\t\t<\/div>\n\t\t\t\t\t<\/div>\n\t\t<\/div>\n\t\t\t\t<div class=\"elementor-column elementor-col-50 elementor-top-column elementor-element elementor-element-af4b33e\" data-id=\"af4b33e\" data-element_type=\"column\" data-settings=\"{&quot;background_background&quot;:&quot;classic&quot;}\">\n\t\t\t<div class=\"elementor-widget-wrap elementor-element-populated\">\n\t\t\t\t\t\t\t\t<div class=\"elementor-element elementor-element-f5864ee elementor-widget elementor-widget-image\" data-id=\"f5864ee\" data-element_type=\"widget\" data-widget_type=\"image.default\">\n\t\t\t\t<div class=\"elementor-widget-container\">\n\t\t\t\t\t\t\t\t\t\t\t\t\t\t\t<img loading=\"lazy\" decoding=\"async\" width=\"632\" height=\"429\" src=\"https:\/\/www.janustech.com.br\/wp-content\/uploads\/2021\/10\/Grupo-36.png\" class=\"attachment-large size-large\" alt=\"\" \/>\t\t\t\t\t\t\t\t\t\t\t\t\t\t\t<\/div>\n\t\t\t\t<\/div>\n\t\t\t\t\t<\/div>\n\t\t<\/div>\n\t\t\t\t\t\t\t<\/div>\n\t\t<\/section>\n\t\t\t\t<section class=\"elementor-section elementor-top-section elementor-element elementor-element-ff483a3 elementor-section-full_width elementor-section-height-default elementor-section-height-default\" data-id=\"ff483a3\" data-element_type=\"section\" data-settings=\"{&quot;background_background&quot;:&quot;classic&quot;}\">\n\t\t\t\t\t\t<div class=\"elementor-container elementor-column-gap-default\">\n\t\t\t\t\t<div class=\"elementor-column elementor-col-50 elementor-top-column elementor-element elementor-element-63c204a\" data-id=\"63c204a\" data-element_type=\"column\" data-settings=\"{&quot;background_background&quot;:&quot;classic&quot;}\">\n\t\t\t<div class=\"elementor-widget-wrap elementor-element-populated\">\n\t\t\t\t\t\t\t\t<div class=\"elementor-element elementor-element-aee92fe elementor-widget elementor-widget-heading\" data-id=\"aee92fe\" data-element_type=\"widget\" data-widget_type=\"heading.default\">\n\t\t\t\t<div class=\"elementor-widget-container\">\n\t\t\t<h2 class=\"elementor-heading-title elementor-size-default\">Transforme seus processos de manuten\u00e7\u00e3o com an\u00e1lises inteligentes em tempo real, tornando a manuten\u00e7\u00e3o preditiva de dispositivos uma realidade.<\/h2>\t\t<\/div>\n\t\t\t\t<\/div>\n\t\t\t\t\t<\/div>\n\t\t<\/div>\n\t\t\t\t<div class=\"elementor-column elementor-col-50 elementor-top-column elementor-element elementor-element-4034e41\" data-id=\"4034e41\" data-element_type=\"column\" data-settings=\"{&quot;background_background&quot;:&quot;classic&quot;}\">\n\t\t\t<div class=\"elementor-widget-wrap elementor-element-populated\">\n\t\t\t\t\t\t\t\t<div class=\"elementor-element elementor-element-e16a3eb elementor-widget elementor-widget-heading\" data-id=\"e16a3eb\" data-element_type=\"widget\" data-widget_type=\"heading.default\">\n\t\t\t\t<div class=\"elementor-widget-container\">\n\t\t\t<h2 class=\"elementor-heading-title elementor-size-default\">Janus Express\u2122 <br>Expansion Module<\/h2>\t\t<\/div>\n\t\t\t\t<\/div>\n\t\t\t\t<div class=\"elementor-element elementor-element-d44f4ee elementor-widget elementor-widget-text-editor\" data-id=\"d44f4ee\" data-element_type=\"widget\" data-widget_type=\"text-editor.default\">\n\t\t\t\t<div class=\"elementor-widget-container\">\n\t\t\t\t\t\t\t<p>Aumenta a quantidade e o alcance dos sensores que podem ser monitorados. Permite monitoramento adicional de temperatura, umidade, ponto de orvalho, tens\u00e3o, corrente, tomada controlada, disjuntor. temperaturas da \u00e1gua, press\u00f5es de fluxos de \u00e1gua, volumes e muito mais.<\/p><p>4 x entrada de sensor 4-20ma<\/p><p>12 contatos secos configur\u00e1veis a seco: entrada ou sa\u00edda<\/p>\t\t\t\t\t\t<\/div>\n\t\t\t\t<\/div>\n\t\t\t\t\t<\/div>\n\t\t<\/div>\n\t\t\t\t\t\t\t<\/div>\n\t\t<\/section>\n\t\t\t\t<section class=\"elementor-section elementor-top-section elementor-element elementor-element-21f6b29 elementor-section-full_width elementor-section-height-default elementor-section-height-default\" data-id=\"21f6b29\" data-element_type=\"section\" data-settings=\"{&quot;background_background&quot;:&quot;classic&quot;}\">\n\t\t\t\t\t\t<div class=\"elementor-container elementor-column-gap-default\">\n\t\t\t\t\t<div class=\"elementor-column elementor-col-50 elementor-top-column elementor-element elementor-element-b9ba7ff\" data-id=\"b9ba7ff\" data-element_type=\"column\" data-settings=\"{&quot;background_background&quot;:&quot;classic&quot;}\">\n\t\t\t<div class=\"elementor-widget-wrap elementor-element-populated\">\n\t\t\t\t\t\t\t\t<div class=\"elementor-element elementor-element-9f3eb80 elementor-widget elementor-widget-heading\" data-id=\"9f3eb80\" data-element_type=\"widget\" data-widget_type=\"heading.default\">\n\t\t\t\t<div class=\"elementor-widget-container\">\n\t\t\t<h2 class=\"elementor-heading-title elementor-size-default\">Janus Express\u2122 <br>Module<\/h2>\t\t<\/div>\n\t\t\t\t<\/div>\n\t\t\t\t<div class=\"elementor-element elementor-element-20d6d00 elementor-widget elementor-widget-text-editor\" data-id=\"20d6d00\" data-element_type=\"widget\" data-widget_type=\"text-editor.default\">\n\t\t\t\t<div class=\"elementor-widget-container\">\n\t\t\t\t\t\t\t<p>\u2022 Congeladores<br \/>\u2022 C\u00e2maras frias<br \/>\u2022 Centros de dados<br \/>\u2022 Salas de TI<br \/>\u2022 Locais remotos<br \/>\u2022 Condi\u00e7\u00f5es ambientais<br \/>\u2022 E muito mais<\/p>\t\t\t\t\t\t<\/div>\n\t\t\t\t<\/div>\n\t\t\t\t\t<\/div>\n\t\t<\/div>\n\t\t\t\t<div class=\"elementor-column elementor-col-50 elementor-top-column elementor-element elementor-element-776d2f9\" data-id=\"776d2f9\" data-element_type=\"column\" data-settings=\"{&quot;background_background&quot;:&quot;classic&quot;}\">\n\t\t\t<div class=\"elementor-widget-wrap elementor-element-populated\">\n\t\t\t\t\t\t\t\t\t<\/div>\n\t\t<\/div>\n\t\t\t\t\t\t\t<\/div>\n\t\t<\/section>\n\t\t\t\t\t\t\t<\/div>\n\t\t","protected":false},"excerpt":{"rendered":"<p>Janus Express IoT Series Simples Solu\u00e7\u00f5es Monitoramento poderoso. Janus IoT, ajudamos os clientes a desbloquear valor digitalizando o mundo f\u00edsico e obtendo uma vantagem competitiva. Os recursos integrados de aprendizado de m\u00e1quina da tecnologia Janus Predictive Monitoring&#x2122; IoT oferecem habilidades de detec\u00e7\u00e3o precoce e compet\u00eancias preditivas, al\u00e9m da capacidade de prever falhas antecipadamente. A detec\u00e7\u00e3o [&hellip;]<\/p>\n","protected":false},"author":1,"featured_media":0,"parent":69,"menu_order":0,"comment_status":"closed","ping_status":"closed","template":"","meta":{"inline_featured_image":false,"footnotes":""},"class_list":["post-516","page","type-page","status-publish","hentry"],"acf":[],"_links":{"self":[{"href":"https:\/\/www.janustech.com.br\/pt-br\/wp-json\/wp\/v2\/pages\/516","targetHints":{"allow":["GET"]}}],"collection":[{"href":"https:\/\/www.janustech.com.br\/pt-br\/wp-json\/wp\/v2\/pages"}],"about":[{"href":"https:\/\/www.janustech.com.br\/pt-br\/wp-json\/wp\/v2\/types\/page"}],"author":[{"embeddable":true,"href":"https:\/\/www.janustech.com.br\/pt-br\/wp-json\/wp\/v2\/users\/1"}],"replies":[{"embeddable":true,"href":"https:\/\/www.janustech.com.br\/pt-br\/wp-json\/wp\/v2\/comments?post=516"}],"version-history":[{"count":0,"href":"https:\/\/www.janustech.com.br\/pt-br\/wp-json\/wp\/v2\/pages\/516\/revisions"}],"up":[{"embeddable":true,"href":"https:\/\/www.janustech.com.br\/pt-br\/wp-json\/wp\/v2\/pages\/69"}],"wp:attachment":[{"href":"https:\/\/www.janustech.com.br\/pt-br\/wp-json\/wp\/v2\/media?parent=516"}],"curies":[{"name":"wp","href":"https:\/\/api.w.org\/{rel}","templated":true}]}}