{"id":61,"date":"2021-07-02T11:38:13","date_gmt":"2021-07-02T14:38:13","guid":{"rendered":"http:\/\/www.janustech.com.br\/about-us\/"},"modified":"2021-08-25T16:05:42","modified_gmt":"2021-08-25T19:05:42","slug":"about-us","status":"publish","type":"page","link":"https:\/\/www.janustech.com.br\/pt-br\/about-us\/","title":{"rendered":"sobre n\u00f3s"},"content":{"rendered":"<p>Janus (Ianuarius) foi retratado como tendo duas faces porque olha para o futuro e para o passado simultaneamente. O m\u00eas de janeiro \u00e9 depois de Janus. Quando celebramos a v\u00e9spera de Ano Novo e dizemos adeus ao passado e ol\u00e1 ao futuro, que \u00e9 um conceito que vem de Janus.<\/p>\n<p>Janus presidiu os in\u00edcios, port\u00f5es, transi\u00e7\u00f5es, tempo e t\u00e9rmino. Ele foi o deus que come\u00e7ou e terminou os conflitos e, portanto, a guerra e a paz. Na Roma antiga, o Templo de Janus ficava no F\u00f3rum Romano com portas em ambas as extremidades. Dentro de Janus, era retratado como um deus de duas faces. As portas de seu templo foram abertas em tempo de guerra e fechadas para marcar a paz.<\/p>\n<p>Os recursos de aprendizado de m\u00e1quina integrados da tecnologia Janus Predictive Monitoring \u2122 IoT fornecem habilidades de detec\u00e7\u00e3o precoce e compet\u00eancias preditivas, e a capacidade de prever falhas com anteced\u00eancia. A detec\u00e7\u00e3o precoce \u00e9 o segredo para eliminar a causa raiz antes que ela se torne uma falha cara \/ catastr\u00f3fica.<\/p>\n","protected":false},"excerpt":{"rendered":"<p>Janus (Ianuarius) foi retratado como tendo duas faces porque olha para o futuro e para o passado simultaneamente. O m\u00eas de janeiro \u00e9 depois de Janus. Quando celebramos a v\u00e9spera de Ano Novo e dizemos adeus ao passado e ol\u00e1 ao futuro, que \u00e9 um conceito que vem de Janus. Janus presidiu os in\u00edcios, port\u00f5es, [&hellip;]<\/p>\n","protected":false},"author":1,"featured_media":0,"parent":0,"menu_order":1,"comment_status":"closed","ping_status":"closed","template":"page-about.php","meta":{"inline_featured_image":false,"footnotes":""},"class_list":["post-61","page","type-page","status-publish","hentry"],"acf":[],"_links":{"self":[{"href":"https:\/\/www.janustech.com.br\/pt-br\/wp-json\/wp\/v2\/pages\/61","targetHints":{"allow":["GET"]}}],"collection":[{"href":"https:\/\/www.janustech.com.br\/pt-br\/wp-json\/wp\/v2\/pages"}],"about":[{"href":"https:\/\/www.janustech.com.br\/pt-br\/wp-json\/wp\/v2\/types\/page"}],"author":[{"embeddable":true,"href":"https:\/\/www.janustech.com.br\/pt-br\/wp-json\/wp\/v2\/users\/1"}],"replies":[{"embeddable":true,"href":"https:\/\/www.janustech.com.br\/pt-br\/wp-json\/wp\/v2\/comments?post=61"}],"version-history":[{"count":0,"href":"https:\/\/www.janustech.com.br\/pt-br\/wp-json\/wp\/v2\/pages\/61\/revisions"}],"wp:attachment":[{"href":"https:\/\/www.janustech.com.br\/pt-br\/wp-json\/wp\/v2\/media?parent=61"}],"curies":[{"name":"wp","href":"https:\/\/api.w.org\/{rel}","templated":true}]}}