{"id":65,"date":"2021-07-02T11:39:01","date_gmt":"2021-07-02T14:39:01","guid":{"rendered":"http:\/\/www.janustech.com.br\/why-monitor\/"},"modified":"2022-02-01T15:00:07","modified_gmt":"2022-02-01T18:00:07","slug":"why-monitor","status":"publish","type":"page","link":"https:\/\/www.janustech.com.br\/pt-br\/why-monitor\/","title":{"rendered":"Por que monitorar?"},"content":{"rendered":"<h1>Por que monitorar?<\/h1>\n<p>N\u00e3o importa em que setor voc\u00ea esteja, nada destr\u00f3i seus resultados como um tempo de inatividade n\u00e3o planejado.<\/p>\n<p>Tempo de inatividade n\u00e3o planejado, manuten\u00e7\u00e3o de emerg\u00eancia e infraestrutura de TI obsoleta s\u00e3o os maiores desafios para quase 90% das empresas.<\/p>\n<p>80% das empresas n\u00e3o sabem o verdadeiro custo de uma falha n\u00e3o planejada.<\/p>\n","protected":false},"excerpt":{"rendered":"<p>Por que monitorar? N\u00e3o importa em que setor voc\u00ea esteja, nada destr\u00f3i seus resultados como um tempo de inatividade n\u00e3o planejado. Tempo de inatividade n\u00e3o planejado, manuten\u00e7\u00e3o de emerg\u00eancia e infraestrutura de TI obsoleta s\u00e3o os maiores desafios para quase 90% das empresas. 80% das empresas n\u00e3o sabem o verdadeiro custo de uma falha n\u00e3o [&hellip;]<\/p>\n","protected":false},"author":1,"featured_media":0,"parent":0,"menu_order":2,"comment_status":"closed","ping_status":"closed","template":"","meta":{"inline_featured_image":false,"footnotes":""},"class_list":["post-65","page","type-page","status-publish","hentry"],"acf":[],"_links":{"self":[{"href":"https:\/\/www.janustech.com.br\/pt-br\/wp-json\/wp\/v2\/pages\/65","targetHints":{"allow":["GET"]}}],"collection":[{"href":"https:\/\/www.janustech.com.br\/pt-br\/wp-json\/wp\/v2\/pages"}],"about":[{"href":"https:\/\/www.janustech.com.br\/pt-br\/wp-json\/wp\/v2\/types\/page"}],"author":[{"embeddable":true,"href":"https:\/\/www.janustech.com.br\/pt-br\/wp-json\/wp\/v2\/users\/1"}],"replies":[{"embeddable":true,"href":"https:\/\/www.janustech.com.br\/pt-br\/wp-json\/wp\/v2\/comments?post=65"}],"version-history":[{"count":0,"href":"https:\/\/www.janustech.com.br\/pt-br\/wp-json\/wp\/v2\/pages\/65\/revisions"}],"wp:attachment":[{"href":"https:\/\/www.janustech.com.br\/pt-br\/wp-json\/wp\/v2\/media?parent=65"}],"curies":[{"name":"wp","href":"https:\/\/api.w.org\/{rel}","templated":true}]}}