{"id":69,"date":"2021-07-02T11:39:28","date_gmt":"2021-07-02T14:39:28","guid":{"rendered":"http:\/\/www.janustech.com.br\/markets\/"},"modified":"2022-02-01T15:17:07","modified_gmt":"2022-02-01T18:17:07","slug":"markets-solutions","status":"publish","type":"page","link":"https:\/\/www.janustech.com.br\/pt-br\/markets-solutions\/","title":{"rendered":"Markets and Solutions"},"content":{"rendered":"<h1>N\u00e3o importa em que setor voc\u00ea est\u00e1.<br \/>\nNada afeta seu resultados<br \/>\nfinais como DOWNTIME<\/h1>\n<ul>\n<li>80% das empresas n\u00e3o sabem o verdadeiro custo de uma falha n\u00e3o planejada.<\/li>\n<li>Se existem apenas 3 tipos de falhas, por que voc\u00ea continua tendo falhas?<\/li>\n<li>O tempo de inatividade n\u00e3o planejado e a manuten\u00e7\u00e3o de emerg\u00eancia, juntamente com a infraestrutura de TI obsoleta, \u00e9 o maior desafio para quase 90% das empresas.<\/li>\n<\/ul>\n","protected":false},"excerpt":{"rendered":"<p>N\u00e3o importa em que setor voc\u00ea est\u00e1. Nada afeta seu resultados finais como DOWNTIME 80% das empresas n\u00e3o sabem o verdadeiro custo de uma falha n\u00e3o planejada. Se existem apenas 3 tipos de falhas, por que voc\u00ea continua tendo falhas? O tempo de inatividade n\u00e3o planejado e a manuten\u00e7\u00e3o de emerg\u00eancia, juntamente com a infraestrutura [&hellip;]<\/p>\n","protected":false},"author":1,"featured_media":376,"parent":0,"menu_order":3,"comment_status":"closed","ping_status":"closed","template":"","meta":{"inline_featured_image":false,"footnotes":""},"class_list":["post-69","page","type-page","status-publish","has-post-thumbnail","hentry"],"acf":[],"_links":{"self":[{"href":"https:\/\/www.janustech.com.br\/pt-br\/wp-json\/wp\/v2\/pages\/69","targetHints":{"allow":["GET"]}}],"collection":[{"href":"https:\/\/www.janustech.com.br\/pt-br\/wp-json\/wp\/v2\/pages"}],"about":[{"href":"https:\/\/www.janustech.com.br\/pt-br\/wp-json\/wp\/v2\/types\/page"}],"author":[{"embeddable":true,"href":"https:\/\/www.janustech.com.br\/pt-br\/wp-json\/wp\/v2\/users\/1"}],"replies":[{"embeddable":true,"href":"https:\/\/www.janustech.com.br\/pt-br\/wp-json\/wp\/v2\/comments?post=69"}],"version-history":[{"count":0,"href":"https:\/\/www.janustech.com.br\/pt-br\/wp-json\/wp\/v2\/pages\/69\/revisions"}],"wp:featuredmedia":[{"embeddable":true,"href":"https:\/\/www.janustech.com.br\/pt-br\/wp-json\/wp\/v2\/media\/376"}],"wp:attachment":[{"href":"https:\/\/www.janustech.com.br\/pt-br\/wp-json\/wp\/v2\/media?parent=69"}],"curies":[{"name":"wp","href":"https:\/\/api.w.org\/{rel}","templated":true}]}}